{"id":460,"date":"2023-11-09T15:20:47","date_gmt":"2023-11-09T14:20:47","guid":{"rendered":"https:\/\/metallerie.jouve-jl-et-fils.com\/?page_id=460"},"modified":"2023-11-09T15:34:58","modified_gmt":"2023-11-09T14:34:58","slug":"mentions-legales","status":"publish","type":"page","link":"https:\/\/metallerie.jouve-jl-et-fils.com\/index.php\/mentions-legales\/","title":{"rendered":"Mentions l\u00e9gales"},"content":{"rendered":"\t\t<div data-elementor-type=\"wp-page\" data-elementor-id=\"460\" class=\"elementor elementor-460\">\n\t\t\t\t<div class=\"elementor-element elementor-element-ea7a79d e-flex e-con-boxed e-con e-parent\" data-id=\"ea7a79d\" data-element_type=\"container\" data-e-type=\"container\">\n\t\t\t\t\t<div class=\"e-con-inner\">\n\t\t\t\t<div class=\"elementor-element elementor-element-c85ab14 elementor-widget elementor-widget-text-editor\" data-id=\"c85ab14\" data-element_type=\"widget\" data-e-type=\"widget\" data-widget_type=\"text-editor.default\">\n\t\t\t\t<div class=\"elementor-widget-container\">\n\t\t\t\t\t\t\t\t\t<p>\u00c9diteur du Site : SARL JOUVE Jean-Louis et Fils<\/p><p>Si\u00e8ge social : 6, impasse du ruisseau, lieu-dit la combe de l&rsquo;eau, 05250 Le D\u00e9voluy, France<\/p><p>T\u00e9l : 04 92 58 87 25\u00a0\u00a0\u00a0\u00a0\u00a0\u00a0\u00a0\u00a0\u00a0\u00a0\u00a0 Email : amp.jouve@wanadoo.fr<\/p><p>Siret : 501\u00a0631\u00a0691 00018<\/p><p>Responsable de la publication : Sandrine Jouve<\/p><p>H\u00e9bergement : Le site est h\u00e9berg\u00e9 par OVH<\/p><p>Adresse : 2, rue Kellermann \u2013 59100 ROUBAIX &#8211; France<\/p><p>D\u00e9veloppement : Jouve Jean-Louis et Fils<\/p><p>Propri\u00e9t\u00e9 Intellectuelle :<\/p><p>Le contenu du site, incluant les textes, images, vid\u00e9os, et tout autre \u00e9l\u00e9ment, est la propri\u00e9t\u00e9 exclusive de la SARL Jouve Jean-Louis et Fils, sauf indication contraire. Toute reproduction ou utilisation sans autorisation pr\u00e9alable est strictement interdite.<\/p><p>Protection des Donn\u00e9es Personnelles :<\/p><p>Conform\u00e9ment \u00e0 la r\u00e9glementation en vigueur, vous disposez d&rsquo;un droit d&rsquo;acc\u00e8s, de rectification et de suppression des donn\u00e9es vous concernant. Pour exercer ces droits, veuillez nous contacter \u00e0 l&rsquo;adresse suivante : amp.jouve@wanadoo.fr.<\/p><p>Cookies :<\/p><p>Le site peut utiliser des cookies pour am\u00e9liorer l&rsquo;exp\u00e9rience utilisateur. En naviguant sur le site, vous acceptez l&rsquo;utilisation de ces cookies.<\/p><p>Liens Externes :<\/p><p>Le site peut contenir des liens vers des sites externes. La SARL Jouve Jean-Louis et Fils ne peut \u00eatre tenu responsable du contenu de ces sites.<\/p><p>Coordonn\u00e9es :<\/p><p>SARL Jouve Jean-Louis et Fils &#8211; \u00a06, impasse du ruisseau &#8211; lieu-dit la combe de l&rsquo;eau &#8211; 05250 Le D\u00e9voluy &#8211; France T\u00e9l : 04 92 58 87 25 Email : amp.jouve@wanadoo.fr<\/p><p>Cr\u00e9dits :<\/p><p>Le site a \u00e9t\u00e9 r\u00e9alis\u00e9 par la SARL Jouve Jean-Louis et Fils avec WordPress.<\/p>\t\t\t\t\t\t\t\t<\/div>\n\t\t\t\t<\/div>\n\t\t\t\t\t<\/div>\n\t\t\t\t<\/div>\n\t\t\t\t<\/div>\n\t\t","protected":false},"excerpt":{"rendered":"<p>\u00c9diteur du Site : SARL JOUVE Jean-Louis et Fils Si\u00e8ge social : 6, impasse du ruisseau, lieu-dit la combe de l&rsquo;eau, 05250 Le D\u00e9voluy, France T\u00e9l : 04 92 58 87 25\u00a0\u00a0\u00a0\u00a0\u00a0\u00a0\u00a0\u00a0\u00a0\u00a0\u00a0 Email : amp.jouve@wanadoo.fr Siret : 501\u00a0631\u00a0691 00018 Responsable de la publication : Sandrine Jouve H\u00e9bergement : Le site est h\u00e9berg\u00e9 par OVH Adresse [&hellip;]<\/p>\n","protected":false},"author":1,"featured_media":0,"parent":0,"menu_order":0,"comment_status":"closed","ping_status":"closed","template":"elementor_header_footer","meta":{"ocean_post_layout":"","ocean_both_sidebars_style":"","ocean_both_sidebars_content_width":0,"ocean_both_sidebars_sidebars_width":0,"ocean_sidebar":"","ocean_second_sidebar":"","ocean_disable_margins":"enable","ocean_add_body_class":"","ocean_shortcode_before_top_bar":"","ocean_shortcode_after_top_bar":"","ocean_shortcode_before_header":"","ocean_shortcode_after_header":"","ocean_has_shortcode":"","ocean_shortcode_after_title":"","ocean_shortcode_before_footer_widgets":"","ocean_shortcode_after_footer_widgets":"","ocean_shortcode_before_footer_bottom":"","ocean_shortcode_after_footer_bottom":"","ocean_display_top_bar":"default","ocean_display_header":"default","ocean_header_style":"","ocean_center_header_left_menu":"","ocean_custom_header_template":"","ocean_custom_logo":0,"ocean_custom_retina_logo":0,"ocean_custom_logo_max_width":0,"ocean_custom_logo_tablet_max_width":0,"ocean_custom_logo_mobile_max_width":0,"ocean_custom_logo_max_height":0,"ocean_custom_logo_tablet_max_height":0,"ocean_custom_logo_mobile_max_height":0,"ocean_header_custom_menu":"","ocean_menu_typo_font_family":"","ocean_menu_typo_font_subset":"","ocean_menu_typo_font_size":0,"ocean_menu_typo_font_size_tablet":0,"ocean_menu_typo_font_size_mobile":0,"ocean_menu_typo_font_size_unit":"px","ocean_menu_typo_font_weight":"","ocean_menu_typo_font_weight_tablet":"","ocean_menu_typo_font_weight_mobile":"","ocean_menu_typo_transform":"","ocean_menu_typo_transform_tablet":"","ocean_menu_typo_transform_mobile":"","ocean_menu_typo_line_height":0,"ocean_menu_typo_line_height_tablet":0,"ocean_menu_typo_line_height_mobile":0,"ocean_menu_typo_line_height_unit":"","ocean_menu_typo_spacing":0,"ocean_menu_typo_spacing_tablet":0,"ocean_menu_typo_spacing_mobile":0,"ocean_menu_typo_spacing_unit":"","ocean_menu_link_color":"","ocean_menu_link_color_hover":"","ocean_menu_link_color_active":"","ocean_menu_link_background":"","ocean_menu_link_hover_background":"","ocean_menu_link_active_background":"","ocean_menu_social_links_bg":"","ocean_menu_social_hover_links_bg":"","ocean_menu_social_links_color":"","ocean_menu_social_hover_links_color":"","ocean_disable_title":"default","ocean_disable_heading":"default","ocean_post_title":"","ocean_post_subheading":"","ocean_post_title_style":"","ocean_post_title_background_color":"","ocean_post_title_background":0,"ocean_post_title_bg_image_position":"","ocean_post_title_bg_image_attachment":"","ocean_post_title_bg_image_repeat":"","ocean_post_title_bg_image_size":"","ocean_post_title_height":0,"ocean_post_title_bg_overlay":0.5,"ocean_post_title_bg_overlay_color":"","ocean_disable_breadcrumbs":"default","ocean_breadcrumbs_color":"","ocean_breadcrumbs_separator_color":"","ocean_breadcrumbs_links_color":"","ocean_breadcrumbs_links_hover_color":"","ocean_display_footer_widgets":"default","ocean_display_footer_bottom":"default","ocean_custom_footer_template":"","footnotes":""},"class_list":["post-460","page","type-page","status-publish","hentry","entry"],"yoast_head":"<!-- This site is optimized with the Yoast SEO plugin v27.6 - https:\/\/yoast.com\/product\/yoast-seo-wordpress\/ -->\n<title>Mentions l\u00e9gales - D\u00e9voluy M\u00e9tallerie JOUVE<\/title>\n<meta name=\"description\" content=\"Les mentions l\u00e9gales de devoluy-metallerie-jouve, la m\u00e9tallerie Jouve, install\u00e9e au D\u00e9voluy\" \/>\n<meta name=\"robots\" content=\"index, follow, max-snippet:-1, max-image-preview:large, max-video-preview:-1\" \/>\n<link rel=\"canonical\" href=\"https:\/\/metallerie.jouve-jl-et-fils.com\/index.php\/mentions-legales\/\" \/>\n<meta property=\"og:locale\" content=\"fr_FR\" \/>\n<meta property=\"og:type\" content=\"article\" \/>\n<meta property=\"og:title\" content=\"Mentions l\u00e9gales - D\u00e9voluy M\u00e9tallerie JOUVE\" \/>\n<meta property=\"og:description\" content=\"Les mentions l\u00e9gales de devoluy-metallerie-jouve, la m\u00e9tallerie Jouve, install\u00e9e au D\u00e9voluy\" \/>\n<meta property=\"og:url\" content=\"https:\/\/metallerie.jouve-jl-et-fils.com\/index.php\/mentions-legales\/\" \/>\n<meta property=\"og:site_name\" content=\"D\u00e9voluy M\u00e9tallerie JOUVE\" \/>\n<meta property=\"article:modified_time\" content=\"2023-11-09T14:34:58+00:00\" \/>\n<meta name=\"twitter:card\" content=\"summary_large_image\" \/>\n<meta name=\"twitter:label1\" content=\"Dur\u00e9e de lecture estim\u00e9e\" \/>\n\t<meta name=\"twitter:data1\" content=\"2 minutes\" \/>\n<script type=\"application\/ld+json\" class=\"yoast-schema-graph\">{\"@context\":\"https:\\\/\\\/schema.org\",\"@graph\":[{\"@type\":\"WebPage\",\"@id\":\"https:\\\/\\\/metallerie.jouve-jl-et-fils.com\\\/index.php\\\/mentions-legales\\\/\",\"url\":\"https:\\\/\\\/metallerie.jouve-jl-et-fils.com\\\/index.php\\\/mentions-legales\\\/\",\"name\":\"Mentions l\u00e9gales - D\u00e9voluy M\u00e9tallerie JOUVE\",\"isPartOf\":{\"@id\":\"https:\\\/\\\/metallerie.jouve-jl-et-fils.com\\\/#website\"},\"datePublished\":\"2023-11-09T14:20:47+00:00\",\"dateModified\":\"2023-11-09T14:34:58+00:00\",\"description\":\"Les mentions l\u00e9gales de devoluy-metallerie-jouve, la m\u00e9tallerie Jouve, install\u00e9e au D\u00e9voluy\",\"breadcrumb\":{\"@id\":\"https:\\\/\\\/metallerie.jouve-jl-et-fils.com\\\/index.php\\\/mentions-legales\\\/#breadcrumb\"},\"inLanguage\":\"fr-FR\",\"potentialAction\":[{\"@type\":\"ReadAction\",\"target\":[\"https:\\\/\\\/metallerie.jouve-jl-et-fils.com\\\/index.php\\\/mentions-legales\\\/\"]}]},{\"@type\":\"BreadcrumbList\",\"@id\":\"https:\\\/\\\/metallerie.jouve-jl-et-fils.com\\\/index.php\\\/mentions-legales\\\/#breadcrumb\",\"itemListElement\":[{\"@type\":\"ListItem\",\"position\":1,\"name\":\"Accueil\",\"item\":\"https:\\\/\\\/metallerie.jouve-jl-et-fils.com\\\/\"},{\"@type\":\"ListItem\",\"position\":2,\"name\":\"Mentions l\u00e9gales\"}]},{\"@type\":\"WebSite\",\"@id\":\"https:\\\/\\\/metallerie.jouve-jl-et-fils.com\\\/#website\",\"url\":\"https:\\\/\\\/metallerie.jouve-jl-et-fils.com\\\/\",\"name\":\"D\u00e9voluy M\u00e9tallerie JOUVE\",\"description\":\"Du m\u00e9tal dans votre d\u00e9cor\",\"potentialAction\":[{\"@type\":\"SearchAction\",\"target\":{\"@type\":\"EntryPoint\",\"urlTemplate\":\"https:\\\/\\\/metallerie.jouve-jl-et-fils.com\\\/?s={search_term_string}\"},\"query-input\":{\"@type\":\"PropertyValueSpecification\",\"valueRequired\":true,\"valueName\":\"search_term_string\"}}],\"inLanguage\":\"fr-FR\"}]}<\/script>\n<!-- \/ Yoast SEO plugin. -->","yoast_head_json":{"title":"Mentions l\u00e9gales - D\u00e9voluy M\u00e9tallerie JOUVE","description":"Les mentions l\u00e9gales de devoluy-metallerie-jouve, la m\u00e9tallerie Jouve, install\u00e9e au D\u00e9voluy","robots":{"index":"index","follow":"follow","max-snippet":"max-snippet:-1","max-image-preview":"max-image-preview:large","max-video-preview":"max-video-preview:-1"},"canonical":"https:\/\/metallerie.jouve-jl-et-fils.com\/index.php\/mentions-legales\/","og_locale":"fr_FR","og_type":"article","og_title":"Mentions l\u00e9gales - D\u00e9voluy M\u00e9tallerie JOUVE","og_description":"Les mentions l\u00e9gales de devoluy-metallerie-jouve, la m\u00e9tallerie Jouve, install\u00e9e au D\u00e9voluy","og_url":"https:\/\/metallerie.jouve-jl-et-fils.com\/index.php\/mentions-legales\/","og_site_name":"D\u00e9voluy M\u00e9tallerie JOUVE","article_modified_time":"2023-11-09T14:34:58+00:00","twitter_card":"summary_large_image","twitter_misc":{"Dur\u00e9e de lecture estim\u00e9e":"2 minutes"},"schema":{"@context":"https:\/\/schema.org","@graph":[{"@type":"WebPage","@id":"https:\/\/metallerie.jouve-jl-et-fils.com\/index.php\/mentions-legales\/","url":"https:\/\/metallerie.jouve-jl-et-fils.com\/index.php\/mentions-legales\/","name":"Mentions l\u00e9gales - D\u00e9voluy M\u00e9tallerie JOUVE","isPartOf":{"@id":"https:\/\/metallerie.jouve-jl-et-fils.com\/#website"},"datePublished":"2023-11-09T14:20:47+00:00","dateModified":"2023-11-09T14:34:58+00:00","description":"Les mentions l\u00e9gales de devoluy-metallerie-jouve, la m\u00e9tallerie Jouve, install\u00e9e au D\u00e9voluy","breadcrumb":{"@id":"https:\/\/metallerie.jouve-jl-et-fils.com\/index.php\/mentions-legales\/#breadcrumb"},"inLanguage":"fr-FR","potentialAction":[{"@type":"ReadAction","target":["https:\/\/metallerie.jouve-jl-et-fils.com\/index.php\/mentions-legales\/"]}]},{"@type":"BreadcrumbList","@id":"https:\/\/metallerie.jouve-jl-et-fils.com\/index.php\/mentions-legales\/#breadcrumb","itemListElement":[{"@type":"ListItem","position":1,"name":"Accueil","item":"https:\/\/metallerie.jouve-jl-et-fils.com\/"},{"@type":"ListItem","position":2,"name":"Mentions l\u00e9gales"}]},{"@type":"WebSite","@id":"https:\/\/metallerie.jouve-jl-et-fils.com\/#website","url":"https:\/\/metallerie.jouve-jl-et-fils.com\/","name":"D\u00e9voluy M\u00e9tallerie JOUVE","description":"Du m\u00e9tal dans votre d\u00e9cor","potentialAction":[{"@type":"SearchAction","target":{"@type":"EntryPoint","urlTemplate":"https:\/\/metallerie.jouve-jl-et-fils.com\/?s={search_term_string}"},"query-input":{"@type":"PropertyValueSpecification","valueRequired":true,"valueName":"search_term_string"}}],"inLanguage":"fr-FR"}]}},"_links":{"self":[{"href":"https:\/\/metallerie.jouve-jl-et-fils.com\/index.php\/wp-json\/wp\/v2\/pages\/460","targetHints":{"allow":["GET"]}}],"collection":[{"href":"https:\/\/metallerie.jouve-jl-et-fils.com\/index.php\/wp-json\/wp\/v2\/pages"}],"about":[{"href":"https:\/\/metallerie.jouve-jl-et-fils.com\/index.php\/wp-json\/wp\/v2\/types\/page"}],"author":[{"embeddable":true,"href":"https:\/\/metallerie.jouve-jl-et-fils.com\/index.php\/wp-json\/wp\/v2\/users\/1"}],"replies":[{"embeddable":true,"href":"https:\/\/metallerie.jouve-jl-et-fils.com\/index.php\/wp-json\/wp\/v2\/comments?post=460"}],"version-history":[{"count":4,"href":"https:\/\/metallerie.jouve-jl-et-fils.com\/index.php\/wp-json\/wp\/v2\/pages\/460\/revisions"}],"predecessor-version":[{"id":465,"href":"https:\/\/metallerie.jouve-jl-et-fils.com\/index.php\/wp-json\/wp\/v2\/pages\/460\/revisions\/465"}],"wp:attachment":[{"href":"https:\/\/metallerie.jouve-jl-et-fils.com\/index.php\/wp-json\/wp\/v2\/media?parent=460"}],"curies":[{"name":"wp","href":"https:\/\/api.w.org\/{rel}","templated":true}]}}